{"id":79,"date":"2021-09-28T13:49:41","date_gmt":"2021-09-28T13:49:41","guid":{"rendered":"https:\/\/innovation.at\/?page_id=79"},"modified":"2022-10-07T07:21:09","modified_gmt":"2022-10-07T07:21:09","slug":"impressum","status":"publish","type":"page","link":"https:\/\/innovation.at\/en\/impressum\/","title":{"rendered":"Imprint"},"content":{"rendered":"<div data-elementor-type=\"wp-page\" data-elementor-id=\"79\" class=\"elementor elementor-79\" data-elementor-post-type=\"page\">\n\t\t\t\t\t\t<section class=\"elementor-section elementor-top-section elementor-element elementor-element-f80cbac elementor-section-boxed elementor-section-height-default elementor-section-height-default\" data-id=\"f80cbac\" data-element_type=\"section\" data-e-type=\"section\" data-settings=\"{&quot;background_background&quot;:&quot;classic&quot;}\">\n\t\t\t\t\t\t<div class=\"elementor-container elementor-column-gap-default\">\n\t\t\t\t\t<div class=\"elementor-column elementor-col-100 elementor-top-column elementor-element elementor-element-7c91639\" data-id=\"7c91639\" data-element_type=\"column\" data-e-type=\"column\">\n\t\t\t<div class=\"elementor-widget-wrap elementor-element-populated\">\n\t\t\t\t\t\t<section class=\"elementor-section elementor-inner-section elementor-element elementor-element-56cfa9a elementor-section-boxed elementor-section-height-default elementor-section-height-default\" data-id=\"56cfa9a\" data-element_type=\"section\" data-e-type=\"section\">\n\t\t\t\t\t\t<div class=\"elementor-container elementor-column-gap-no\">\n\t\t\t\t\t<div class=\"elementor-column elementor-col-50 elementor-inner-column elementor-element elementor-element-a6c0c91\" data-id=\"a6c0c91\" data-element_type=\"column\" data-e-type=\"column\">\n\t\t\t<div class=\"elementor-widget-wrap elementor-element-populated\">\n\t\t\t\t\t\t<div class=\"elementor-element elementor-element-03acc1e elementor-widget elementor-widget-heading\" data-id=\"03acc1e\" data-element_type=\"widget\" data-e-type=\"widget\" data-widget_type=\"heading.default\">\n\t\t\t\t<div class=\"elementor-widget-container\">\n\t\t\t\t\t<h1 class=\"elementor-heading-title elementor-size-default\">Imprint<\/h1>\t\t\t\t<\/div>\n\t\t\t\t<\/div>\n\t\t\t\t\t<\/div>\n\t\t<\/div>\n\t\t\t\t<div class=\"elementor-column elementor-col-50 elementor-inner-column elementor-element elementor-element-3b675f3\" data-id=\"3b675f3\" data-element_type=\"column\" data-e-type=\"column\">\n\t\t\t<div class=\"elementor-widget-wrap\">\n\t\t\t\t\t\t\t<\/div>\n\t\t<\/div>\n\t\t\t\t\t<\/div>\n\t\t<\/section>\n\t\t\t\t\t<\/div>\n\t\t<\/div>\n\t\t\t\t\t<\/div>\n\t\t<\/section>\n\t\t\t\t<section class=\"elementor-section elementor-top-section elementor-element elementor-element-df7bdc3 elementor-section-boxed elementor-section-height-default elementor-section-height-default\" data-id=\"df7bdc3\" data-element_type=\"section\" data-e-type=\"section\">\n\t\t\t\t\t\t<div class=\"elementor-container elementor-column-gap-default\">\n\t\t\t\t\t<div class=\"elementor-column elementor-col-50 elementor-top-column elementor-element elementor-element-7c4f5bf\" data-id=\"7c4f5bf\" data-element_type=\"column\" data-e-type=\"column\">\n\t\t\t<div class=\"elementor-widget-wrap elementor-element-populated\">\n\t\t\t\t\t\t<div class=\"elementor-element elementor-element-104f0f6 elementor-widget elementor-widget-heading\" data-id=\"104f0f6\" data-element_type=\"widget\" data-e-type=\"widget\" data-widget_type=\"heading.default\">\n\t\t\t\t<div class=\"elementor-widget-container\">\n\t\t\t\t\t<h2 class=\"elementor-heading-title elementor-size-default\">Pr\u00e4sentation der Firma  \u201cisn \u2013 innovation service network GmbH\u201d\nsamt ihrer Leistungen und Services.<\/h2>\t\t\t\t<\/div>\n\t\t\t\t<\/div>\n\t\t\t\t<div class=\"elementor-element elementor-element-94eb260 elementor-view-default elementor-widget elementor-widget-icon\" data-id=\"94eb260\" data-element_type=\"widget\" data-e-type=\"widget\" data-widget_type=\"icon.default\">\n\t\t\t\t<div class=\"elementor-widget-container\">\n\t\t\t\t\t\t\t<div class=\"elementor-icon-wrapper\">\n\t\t\t<div class=\"elementor-icon\">\n\t\t\t<svg xmlns=\"http:\/\/www.w3.org\/2000\/svg\" width=\"16\" height=\"51\" viewbox=\"0 0 16 51\" fill=\"none\"><path d=\"M5.32 9.39031e-09L5.32 18.4161C7.88 18.2801 13 19.3948 13 24.9407C13 31.8731 2.92 32.2807 1 29.0185L1 39.2132L13 39.2132L5.32 49L1 43.6989\" stroke=\"#E6293F\" stroke-width=\"2\"><\/path><\/svg>\t\t\t<\/div>\n\t\t<\/div>\n\t\t\t\t\t\t<\/div>\n\t\t\t\t<\/div>\n\t\t\t\t\t<\/div>\n\t\t<\/div>\n\t\t\t\t<div class=\"elementor-column elementor-col-50 elementor-top-column elementor-element elementor-element-4abce56\" data-id=\"4abce56\" data-element_type=\"column\" data-e-type=\"column\">\n\t\t\t<div class=\"elementor-widget-wrap\">\n\t\t\t\t\t\t\t<\/div>\n\t\t<\/div>\n\t\t\t\t\t<\/div>\n\t\t<\/section>\n\t\t\t\t<section class=\"elementor-section elementor-top-section elementor-element elementor-element-8f40ddf elementor-section-boxed elementor-section-height-default elementor-section-height-default\" data-id=\"8f40ddf\" data-element_type=\"section\" data-e-type=\"section\">\n\t\t\t\t\t\t<div class=\"elementor-container elementor-column-gap-default\">\n\t\t\t\t\t<div class=\"elementor-column elementor-col-33 elementor-top-column elementor-element elementor-element-99f2111\" data-id=\"99f2111\" data-element_type=\"column\" data-e-type=\"column\">\n\t\t\t<div class=\"elementor-widget-wrap elementor-element-populated\">\n\t\t\t\t\t\t<div class=\"elementor-element elementor-element-a5f0738 elementor-widget elementor-widget-heading\" data-id=\"a5f0738\" data-element_type=\"widget\" data-e-type=\"widget\" data-widget_type=\"heading.default\">\n\t\t\t\t<div class=\"elementor-widget-container\">\n\t\t\t\t\t<h2 class=\"elementor-heading-title elementor-size-default\">Medieninhaber und Herausgeber\n<\/h2>\t\t\t\t<\/div>\n\t\t\t\t<\/div>\n\t\t\t\t<div class=\"elementor-element elementor-element-43b2fd3 elementor-widget elementor-widget-text-editor\" data-id=\"43b2fd3\" data-element_type=\"widget\" data-e-type=\"widget\" data-widget_type=\"text-editor.default\">\n\t\t\t\t<div class=\"elementor-widget-container\">\n\t\t\t\t\t\t\t\t\t<p>isn \u2013 innovation service network GmbH<br \/>Grabenstra\u00dfe 231<br \/>8045 Graz, Austria<\/p>\t\t\t\t\t\t\t\t<\/div>\n\t\t\t\t<\/div>\n\t\t\t\t\t<\/div>\n\t\t<\/div>\n\t\t\t\t<div class=\"elementor-column elementor-col-33 elementor-top-column elementor-element elementor-element-3b8686e\" data-id=\"3b8686e\" data-element_type=\"column\" data-e-type=\"column\">\n\t\t\t<div class=\"elementor-widget-wrap elementor-element-populated\">\n\t\t\t\t\t\t<div class=\"elementor-element elementor-element-ebe559b elementor-widget elementor-widget-heading\" data-id=\"ebe559b\" data-element_type=\"widget\" data-e-type=\"widget\" data-widget_type=\"heading.default\">\n\t\t\t\t<div class=\"elementor-widget-container\">\n\t\t\t\t\t<h2 class=\"elementor-heading-title elementor-size-default\">Unternehmensgegenstand des Medieninhabers\n<\/h2>\t\t\t\t<\/div>\n\t\t\t\t<\/div>\n\t\t\t\t<div class=\"elementor-element elementor-element-df7dd21 elementor-widget elementor-widget-text-editor\" data-id=\"df7dd21\" data-element_type=\"widget\" data-e-type=\"widget\" data-widget_type=\"text-editor.default\">\n\t\t\t\t<div class=\"elementor-widget-container\">\n\t\t\t\t\t\t\t\t\t<p>\u201cinnovation service network\u201d ist ein Expertennetzwerk f\u00fcr Innovationsmanagement und Wissensmanagement mit Partnern aus Universit\u00e4ten, Fachhochschulen, Kompetenz-Zentren und Dienstleistungsunternehmen.<\/p>\t\t\t\t\t\t\t\t<\/div>\n\t\t\t\t<\/div>\n\t\t\t\t\t<\/div>\n\t\t<\/div>\n\t\t\t\t<div class=\"elementor-column elementor-col-33 elementor-top-column elementor-element elementor-element-16730e8\" data-id=\"16730e8\" data-element_type=\"column\" data-e-type=\"column\">\n\t\t\t<div class=\"elementor-widget-wrap elementor-element-populated\">\n\t\t\t\t\t\t<div class=\"elementor-element elementor-element-76914d8 elementor-widget elementor-widget-heading\" data-id=\"76914d8\" data-element_type=\"widget\" data-e-type=\"widget\" data-widget_type=\"heading.default\">\n\t\t\t\t<div class=\"elementor-widget-container\">\n\t\t\t\t\t<h2 class=\"elementor-heading-title elementor-size-default\">Offenlegung lt. \u00a7 25 Mediengesetz\n<\/h2>\t\t\t\t<\/div>\n\t\t\t\t<\/div>\n\t\t\t\t<div class=\"elementor-element elementor-element-ea8f3f1 elementor-widget elementor-widget-text-editor\" data-id=\"ea8f3f1\" data-element_type=\"widget\" data-e-type=\"widget\" data-widget_type=\"text-editor.default\">\n\t\t\t\t<div class=\"elementor-widget-container\">\n\t\t\t\t\t\t\t\t\t<p>Die Webseite \u201cinnovation.at\u201d, sowie alle damit zusammenh\u00e4ngenden Informationsinhalte werden Ihnen zur Verf\u00fcgung gestellt von isn \u2013 innovation service network GmbH.<\/p>\t\t\t\t\t\t\t\t<\/div>\n\t\t\t\t<\/div>\n\t\t\t\t\t<\/div>\n\t\t<\/div>\n\t\t\t\t\t<\/div>\n\t\t<\/section>\n\t\t\t\t<section class=\"elementor-section elementor-top-section elementor-element elementor-element-b99a750 elementor-section-boxed elementor-section-height-default elementor-section-height-default\" data-id=\"b99a750\" data-element_type=\"section\" data-e-type=\"section\">\n\t\t\t\t\t\t<div class=\"elementor-container elementor-column-gap-default\">\n\t\t\t\t\t<div class=\"elementor-column elementor-col-33 elementor-top-column elementor-element elementor-element-1d8bb0e\" data-id=\"1d8bb0e\" data-element_type=\"column\" data-e-type=\"column\">\n\t\t\t<div class=\"elementor-widget-wrap elementor-element-populated\">\n\t\t\t\t\t\t<div class=\"elementor-element elementor-element-5de3fff elementor-widget elementor-widget-heading\" data-id=\"5de3fff\" data-element_type=\"widget\" data-e-type=\"widget\" data-widget_type=\"heading.default\">\n\t\t\t\t<div class=\"elementor-widget-container\">\n\t\t\t\t\t<h2 class=\"elementor-heading-title elementor-size-default\">Gesch\u00e4ftsf\u00fchrung und Kontakt\n<\/h2>\t\t\t\t<\/div>\n\t\t\t\t<\/div>\n\t\t\t\t<div class=\"elementor-element elementor-element-f1837b6 elementor-widget elementor-widget-text-editor\" data-id=\"f1837b6\" data-element_type=\"widget\" data-e-type=\"widget\" data-widget_type=\"text-editor.default\">\n\t\t\t\t<div class=\"elementor-widget-container\">\n\t\t\t\t\t\t\t\t\t<p>Dipl.-Ing. Dr. Reinhard Willfort,\u00a0<br \/>Karoline Perchthaler, MBA, CEFA<br \/>Tel.: +43 316 91 92 29 0<br \/>Fax: +43 316 30 99 90<br \/>E-Mail: office@innovation.at<\/p>\t\t\t\t\t\t\t\t<\/div>\n\t\t\t\t<\/div>\n\t\t\t\t\t<\/div>\n\t\t<\/div>\n\t\t\t\t<div class=\"elementor-column elementor-col-33 elementor-top-column elementor-element elementor-element-f21d26b\" data-id=\"f21d26b\" data-element_type=\"column\" data-e-type=\"column\">\n\t\t\t<div class=\"elementor-widget-wrap elementor-element-populated\">\n\t\t\t\t\t\t<div class=\"elementor-element elementor-element-d6f253a elementor-widget elementor-widget-heading\" data-id=\"d6f253a\" data-element_type=\"widget\" data-e-type=\"widget\" data-widget_type=\"heading.default\">\n\t\t\t\t<div class=\"elementor-widget-container\">\n\t\t\t\t\t<h2 class=\"elementor-heading-title elementor-size-default\">Firmenbuchnummer und Firmenbuchgericht\n<\/h2>\t\t\t\t<\/div>\n\t\t\t\t<\/div>\n\t\t\t\t<div class=\"elementor-element elementor-element-e283838 elementor-widget elementor-widget-text-editor\" data-id=\"e283838\" data-element_type=\"widget\" data-e-type=\"widget\" data-widget_type=\"text-editor.default\">\n\t\t\t\t<div class=\"elementor-widget-container\">\n\t\t\t\t\t\t\t\t\t<p>isn \u2013 innovation service network GmbH<br \/>Firmenbuch Nr. : 212156w<br \/>UID: ATU52825607<br \/>Firmenbuchgericht: Landesgericht f\u00fcr ZRS Graz<\/p>\t\t\t\t\t\t\t\t<\/div>\n\t\t\t\t<\/div>\n\t\t\t\t\t<\/div>\n\t\t<\/div>\n\t\t\t\t<div class=\"elementor-column elementor-col-33 elementor-top-column elementor-element elementor-element-784e189\" data-id=\"784e189\" data-element_type=\"column\" data-e-type=\"column\">\n\t\t\t<div class=\"elementor-widget-wrap elementor-element-populated\">\n\t\t\t\t\t\t<div class=\"elementor-element elementor-element-9dd9b80 elementor-widget elementor-widget-heading\" data-id=\"9dd9b80\" data-element_type=\"widget\" data-e-type=\"widget\" data-widget_type=\"heading.default\">\n\t\t\t\t<div class=\"elementor-widget-container\">\n\t\t\t\t\t<h2 class=\"elementor-heading-title elementor-size-default\">GDPR\n<\/h2>\t\t\t\t<\/div>\n\t\t\t\t<\/div>\n\t\t\t\t<div class=\"elementor-element elementor-element-6f32c71 elementor-widget elementor-widget-text-editor\" data-id=\"6f32c71\" data-element_type=\"widget\" data-e-type=\"widget\" data-widget_type=\"text-editor.default\">\n\t\t\t\t<div class=\"elementor-widget-container\">\n\t\t\t\t\t\t\t\t\t<p>Die Verarbeitung der personenbezogenen Daten des Nutzers erfolgt unter strikter Wahrung der geltenden datenschutzrechtlichen Bestimmungen. N\u00e4here Informationen hierzu k\u00f6nnen der Datenschutzerkl\u00e4rung auf der Plattform entnommen werden.<\/p>\t\t\t\t\t\t\t\t<\/div>\n\t\t\t\t<\/div>\n\t\t\t\t\t<\/div>\n\t\t<\/div>\n\t\t\t\t\t<\/div>\n\t\t<\/section>\n\t\t\t\t<\/div>","protected":false},"excerpt":{"rendered":"<p>Impressum Pr\u00e4sentation der Firma \u201cisn \u2013 innovation service network GmbH\u201d samt ihrer Leistungen und Services. Medieninhaber und Herausgeber isn \u2013 innovation service network GmbH Grabenstra\u00dfe 231 8045 Graz, \u00d6sterreich Unternehmensgegenstand des Medieninhabers \u201cinnovation service network\u201d ist ein Expertennetzwerk f\u00fcr Innovationsmanagement und Wissensmanagement mit Partnern aus Universit\u00e4ten, Fachhochschulen, Kompetenz-Zentren und Dienstleistungsunternehmen. Offenlegung lt. \u00a7 25 Mediengesetz [&hellip;]<\/p>","protected":false},"author":3,"featured_media":0,"parent":0,"menu_order":0,"comment_status":"closed","ping_status":"closed","template":"","meta":{"_acf_changed":false,"_mo_disable_npp":"","inline_featured_image":false,"footnotes":""},"class_list":["post-79","page","type-page","status-publish","hentry"],"acf":[],"yoast_head":"<!-- This site is optimized with the Yoast SEO plugin v27.3 - https:\/\/yoast.com\/product\/yoast-seo-wordpress\/ -->\n<title>Impressum - innovation service network<\/title>\n<meta name=\"robots\" content=\"noindex, follow\" \/>\n<meta property=\"og:locale\" content=\"en_US\" \/>\n<meta property=\"og:type\" content=\"article\" \/>\n<meta property=\"og:title\" content=\"Impressum - innovation service network\" \/>\n<meta property=\"og:description\" content=\"Impressum Pr\u00e4sentation der Firma \u201cisn \u2013 innovation service network GmbH\u201d samt ihrer Leistungen und Services. Medieninhaber und Herausgeber isn \u2013 innovation service network GmbH Grabenstra\u00dfe 231 8045 Graz, \u00d6sterreich Unternehmensgegenstand des Medieninhabers \u201cinnovation service network\u201d ist ein Expertennetzwerk f\u00fcr Innovationsmanagement und Wissensmanagement mit Partnern aus Universit\u00e4ten, Fachhochschulen, Kompetenz-Zentren und Dienstleistungsunternehmen. Offenlegung lt. \u00a7 25 Mediengesetz [&hellip;]\" \/>\n<meta property=\"og:url\" content=\"https:\/\/innovation.at\/en\/impressum\/\" \/>\n<meta property=\"og:site_name\" content=\"innovation service network\" \/>\n<meta property=\"article:modified_time\" content=\"2022-10-07T07:21:09+00:00\" \/>\n<meta name=\"twitter:card\" content=\"summary_large_image\" \/>\n<meta name=\"twitter:label1\" content=\"Est. reading time\" \/>\n\t<meta name=\"twitter:data1\" content=\"1 minute\" \/>\n<script type=\"application\/ld+json\" class=\"yoast-schema-graph\">{\"@context\":\"https:\\\/\\\/schema.org\",\"@graph\":[{\"@type\":\"WebPage\",\"@id\":\"https:\\\/\\\/innovation.at\\\/impressum\\\/\",\"url\":\"https:\\\/\\\/innovation.at\\\/impressum\\\/\",\"name\":\"Impressum - innovation service network\",\"isPartOf\":{\"@id\":\"https:\\\/\\\/innovation.at\\\/#website\"},\"datePublished\":\"2021-09-28T13:49:41+00:00\",\"dateModified\":\"2022-10-07T07:21:09+00:00\",\"breadcrumb\":{\"@id\":\"https:\\\/\\\/innovation.at\\\/impressum\\\/#breadcrumb\"},\"inLanguage\":\"en-US\",\"potentialAction\":[{\"@type\":\"ReadAction\",\"target\":[\"https:\\\/\\\/innovation.at\\\/impressum\\\/\"]}]},{\"@type\":\"BreadcrumbList\",\"@id\":\"https:\\\/\\\/innovation.at\\\/impressum\\\/#breadcrumb\",\"itemListElement\":[{\"@type\":\"ListItem\",\"position\":1,\"name\":\"Startseite\",\"item\":\"https:\\\/\\\/innovation.at\\\/\"},{\"@type\":\"ListItem\",\"position\":2,\"name\":\"Impressum\"}]},{\"@type\":\"WebSite\",\"@id\":\"https:\\\/\\\/innovation.at\\\/#website\",\"url\":\"https:\\\/\\\/innovation.at\\\/\",\"name\":\"innovation service network\",\"description\":\"Be brave to think different\",\"publisher\":{\"@id\":\"https:\\\/\\\/innovation.at\\\/#organization\"},\"potentialAction\":[{\"@type\":\"SearchAction\",\"target\":{\"@type\":\"EntryPoint\",\"urlTemplate\":\"https:\\\/\\\/innovation.at\\\/?s={search_term_string}\"},\"query-input\":{\"@type\":\"PropertyValueSpecification\",\"valueRequired\":true,\"valueName\":\"search_term_string\"}}],\"inLanguage\":\"en-US\"},{\"@type\":\"Organization\",\"@id\":\"https:\\\/\\\/innovation.at\\\/#organization\",\"name\":\"innovation service network\",\"url\":\"https:\\\/\\\/innovation.at\\\/\",\"logo\":{\"@type\":\"ImageObject\",\"inLanguage\":\"en-US\",\"@id\":\"https:\\\/\\\/innovation.at\\\/#\\\/schema\\\/logo\\\/image\\\/\",\"url\":\"https:\\\/\\\/innovation.at\\\/wp-content\\\/uploads\\\/isn_logo_small-1.png\",\"contentUrl\":\"https:\\\/\\\/innovation.at\\\/wp-content\\\/uploads\\\/isn_logo_small-1.png\",\"width\":115,\"height\":60,\"caption\":\"innovation service network\"},\"image\":{\"@id\":\"https:\\\/\\\/innovation.at\\\/#\\\/schema\\\/logo\\\/image\\\/\"}}]}<\/script>\n<!-- \/ Yoast SEO plugin. -->","yoast_head_json":{"title":"Impressum - innovation service network","robots":{"index":"noindex","follow":"follow"},"og_locale":"en_US","og_type":"article","og_title":"Impressum - innovation service network","og_description":"Impressum Pr\u00e4sentation der Firma \u201cisn \u2013 innovation service network GmbH\u201d samt ihrer Leistungen und Services. Medieninhaber und Herausgeber isn \u2013 innovation service network GmbH Grabenstra\u00dfe 231 8045 Graz, \u00d6sterreich Unternehmensgegenstand des Medieninhabers \u201cinnovation service network\u201d ist ein Expertennetzwerk f\u00fcr Innovationsmanagement und Wissensmanagement mit Partnern aus Universit\u00e4ten, Fachhochschulen, Kompetenz-Zentren und Dienstleistungsunternehmen. Offenlegung lt. \u00a7 25 Mediengesetz [&hellip;]","og_url":"https:\/\/innovation.at\/en\/impressum\/","og_site_name":"innovation service network","article_modified_time":"2022-10-07T07:21:09+00:00","twitter_card":"summary_large_image","twitter_misc":{"Est. reading time":"1 minute"},"schema":{"@context":"https:\/\/schema.org","@graph":[{"@type":"WebPage","@id":"https:\/\/innovation.at\/impressum\/","url":"https:\/\/innovation.at\/impressum\/","name":"Impressum - innovation service network","isPartOf":{"@id":"https:\/\/innovation.at\/#website"},"datePublished":"2021-09-28T13:49:41+00:00","dateModified":"2022-10-07T07:21:09+00:00","breadcrumb":{"@id":"https:\/\/innovation.at\/impressum\/#breadcrumb"},"inLanguage":"en-US","potentialAction":[{"@type":"ReadAction","target":["https:\/\/innovation.at\/impressum\/"]}]},{"@type":"BreadcrumbList","@id":"https:\/\/innovation.at\/impressum\/#breadcrumb","itemListElement":[{"@type":"ListItem","position":1,"name":"Startseite","item":"https:\/\/innovation.at\/"},{"@type":"ListItem","position":2,"name":"Impressum"}]},{"@type":"WebSite","@id":"https:\/\/innovation.at\/#website","url":"https:\/\/innovation.at\/","name":"innovation service network","description":"Be brave to think different","publisher":{"@id":"https:\/\/innovation.at\/#organization"},"potentialAction":[{"@type":"SearchAction","target":{"@type":"EntryPoint","urlTemplate":"https:\/\/innovation.at\/?s={search_term_string}"},"query-input":{"@type":"PropertyValueSpecification","valueRequired":true,"valueName":"search_term_string"}}],"inLanguage":"en-US"},{"@type":"Organization","@id":"https:\/\/innovation.at\/#organization","name":"innovation service network","url":"https:\/\/innovation.at\/","logo":{"@type":"ImageObject","inLanguage":"en-US","@id":"https:\/\/innovation.at\/#\/schema\/logo\/image\/","url":"https:\/\/innovation.at\/wp-content\/uploads\/isn_logo_small-1.png","contentUrl":"https:\/\/innovation.at\/wp-content\/uploads\/isn_logo_small-1.png","width":115,"height":60,"caption":"innovation service network"},"image":{"@id":"https:\/\/innovation.at\/#\/schema\/logo\/image\/"}}]}},"_links":{"self":[{"href":"https:\/\/innovation.at\/en\/wp-json\/wp\/v2\/pages\/79","targetHints":{"allow":["GET"]}}],"collection":[{"href":"https:\/\/innovation.at\/en\/wp-json\/wp\/v2\/pages"}],"about":[{"href":"https:\/\/innovation.at\/en\/wp-json\/wp\/v2\/types\/page"}],"author":[{"embeddable":true,"href":"https:\/\/innovation.at\/en\/wp-json\/wp\/v2\/users\/3"}],"replies":[{"embeddable":true,"href":"https:\/\/innovation.at\/en\/wp-json\/wp\/v2\/comments?post=79"}],"version-history":[{"count":4,"href":"https:\/\/innovation.at\/en\/wp-json\/wp\/v2\/pages\/79\/revisions"}],"predecessor-version":[{"id":8803,"href":"https:\/\/innovation.at\/en\/wp-json\/wp\/v2\/pages\/79\/revisions\/8803"}],"wp:attachment":[{"href":"https:\/\/innovation.at\/en\/wp-json\/wp\/v2\/media?parent=79"}],"curies":[{"name":"wp","href":"https:\/\/api.w.org\/{rel}","templated":true}]}}