{"id":78,"date":"2021-09-28T13:49:36","date_gmt":"2021-09-28T13:49:36","guid":{"rendered":"https:\/\/innovation.at\/?page_id=78"},"modified":"2025-03-11T12:32:10","modified_gmt":"2025-03-11T12:32:10","slug":"karriere","status":"publish","type":"page","link":"https:\/\/innovation.at\/en\/karriere\/","title":{"rendered":"Career"},"content":{"rendered":"<div data-elementor-type=\"wp-page\" data-elementor-id=\"78\" class=\"elementor elementor-78\" data-elementor-post-type=\"page\">\n\t\t\t\t\t\t<section class=\"elementor-section elementor-top-section elementor-element elementor-element-932abf6 elementor-section-boxed elementor-section-height-default elementor-section-height-default\" data-id=\"932abf6\" data-element_type=\"section\" data-e-type=\"section\" data-settings=\"{&quot;background_background&quot;:&quot;classic&quot;}\">\n\t\t\t\t\t\t<div class=\"elementor-container elementor-column-gap-default\">\n\t\t\t\t\t<div class=\"elementor-column elementor-col-100 elementor-top-column elementor-element elementor-element-c59e9ff\" data-id=\"c59e9ff\" data-element_type=\"column\" data-e-type=\"column\">\n\t\t\t<div class=\"elementor-widget-wrap elementor-element-populated\">\n\t\t\t\t\t\t<section class=\"elementor-section elementor-inner-section elementor-element elementor-element-a73b37e elementor-section-boxed elementor-section-height-default elementor-section-height-default\" data-id=\"a73b37e\" data-element_type=\"section\" data-e-type=\"section\">\n\t\t\t\t\t\t<div class=\"elementor-container elementor-column-gap-no\">\n\t\t\t\t\t<div class=\"elementor-column elementor-col-50 elementor-inner-column elementor-element elementor-element-9cf281f\" data-id=\"9cf281f\" data-element_type=\"column\" data-e-type=\"column\">\n\t\t\t<div class=\"elementor-widget-wrap elementor-element-populated\">\n\t\t\t\t\t\t<div class=\"elementor-element elementor-element-05f4a87 elementor-widget elementor-widget-heading\" data-id=\"05f4a87\" data-element_type=\"widget\" data-e-type=\"widget\" data-widget_type=\"heading.default\">\n\t\t\t\t<div class=\"elementor-widget-container\">\n\t\t\t\t\t<h1 class=\"elementor-heading-title elementor-size-default\">Wir suchen Verst\u00e4rkung f\u00fcr unser Team<\/h1>\t\t\t\t<\/div>\n\t\t\t\t<\/div>\n\t\t\t\t\t<\/div>\n\t\t<\/div>\n\t\t\t\t<div class=\"elementor-column elementor-col-50 elementor-inner-column elementor-element elementor-element-56576b9\" data-id=\"56576b9\" data-element_type=\"column\" data-e-type=\"column\">\n\t\t\t<div class=\"elementor-widget-wrap\">\n\t\t\t\t\t\t\t<\/div>\n\t\t<\/div>\n\t\t\t\t\t<\/div>\n\t\t<\/section>\n\t\t\t\t\t<\/div>\n\t\t<\/div>\n\t\t\t\t\t<\/div>\n\t\t<\/section>\n\t\t\t\t<section class=\"elementor-section elementor-top-section elementor-element elementor-element-3fec481 elementor-section-boxed elementor-section-height-default elementor-section-height-default\" data-id=\"3fec481\" data-element_type=\"section\" data-e-type=\"section\">\n\t\t\t\t\t\t<div class=\"elementor-container elementor-column-gap-default\">\n\t\t\t\t\t<div class=\"elementor-column elementor-col-100 elementor-top-column elementor-element elementor-element-40d0183\" data-id=\"40d0183\" data-element_type=\"column\" data-e-type=\"column\">\n\t\t\t<div class=\"elementor-widget-wrap elementor-element-populated\">\n\t\t\t\t\t\t<div class=\"elementor-element elementor-element-1cb4c94 elementor-widget elementor-widget-accordion\" data-id=\"1cb4c94\" data-element_type=\"widget\" data-e-type=\"widget\" data-widget_type=\"accordion.default\">\n\t\t\t\t<div class=\"elementor-widget-container\">\n\t\t\t\t\t\t\t<div class=\"elementor-accordion\">\n\t\t\t\t\t\t\t<div class=\"elementor-accordion-item\">\n\t\t\t\t\t<div id=\"elementor-tab-title-3011\" class=\"elementor-tab-title\" data-tab=\"1\" role=\"button\" aria-controls=\"elementor-tab-content-3011\" aria-expanded=\"false\">\n\t\t\t\t\t\t\t\t\t\t\t\t\t<span class=\"elementor-accordion-icon elementor-accordion-icon-left\" aria-hidden=\"true\">\n\t\t\t\t\t\t\t\t\t\t\t\t\t\t\t<span class=\"elementor-accordion-icon-closed\"><svg class=\"e-font-icon-svg e-fas-plus\" viewbox=\"0 0 448 512\" xmlns=\"http:\/\/www.w3.org\/2000\/svg\"><path d=\"M416 208H272V64c0-17.67-14.33-32-32-32h-32c-17.67 0-32 14.33-32 32v144H32c-17.67 0-32 14.33-32 32v32c0 17.67 14.33 32 32 32h144v144c0 17.67 14.33 32 32 32h32c17.67 0 32-14.33 32-32V304h144c17.67 0 32-14.33 32-32v-32c0-17.67-14.33-32-32-32z\"><\/path><\/svg><\/span>\n\t\t\t\t\t\t\t\t<span class=\"elementor-accordion-icon-opened\"><svg class=\"e-font-icon-svg e-fas-minus\" viewbox=\"0 0 448 512\" xmlns=\"http:\/\/www.w3.org\/2000\/svg\"><path d=\"M416 208H32c-17.67 0-32 14.33-32 32v32c0 17.67 14.33 32 32 32h384c17.67 0 32-14.33 32-32v-32c0-17.67-14.33-32-32-32z\"><\/path><\/svg><\/span>\n\t\t\t\t\t\t\t\t\t\t\t\t\t\t<\/span>\n\t\t\t\t\t\t\t\t\t\t\t\t<a class=\"elementor-accordion-title\" tabindex=\"0\">Social Media Praktikant:in<\/a>\n\t\t\t\t\t<\/div>\n\t\t\t\t\t<div id=\"elementor-tab-content-3011\" class=\"elementor-tab-content elementor-clearfix\" data-tab=\"1\" role=\"region\" aria-labelledby=\"elementor-tab-title-3011\"><p><strong>Hey Social Media Enthusiast:in,<\/strong><\/p><p>Du brennst f\u00fcr die neuesten Trends auf TikTok, teilst inspirierende Stories auf Instagram und wei\u00dft, wie man Business-Netzwerke auf LinkedIn st\u00e4rkt und suchst nach einem Praktikum? Dann bist Du bei uns genau richtig! Wir suchen eine:n engagierte:n Praktikant:in, der:die unsere Social-Media-Pr\u00e4senz auf ein neues Level hebt und unsere bestehende Community optimal betreut.<\/p><p><strong>Your tasks:<\/strong><\/p><ul><li><strong>Kreative Inhalte entwickeln:<\/strong> Du bist erstellst und planst Content auf verschiedenen Social Media Plattformen, einschlie\u00dflich TikTok, Instagram, Snapchat, LinkedIn und Facebook um unsere Markenintensit\u00e4t zu st\u00e4rken und die Aufmerksamkeit unserer Zielgruppe zu gewinnen. Zeig uns, wie kreativ du sein kannst!<\/li><li><strong>Community Management:<\/strong> Du pflegst den direkten Austausch mit unserer Community, beantwortest Kommentare, sorgst f\u00fcr Interaktion und tr\u00e4gst zur positiven Online-Pr\u00e4senz bei.<\/li><li><strong>Monitoring und Analyse:<\/strong> Du beh\u00e4ltst den \u00dcberblick \u00fcber die Performance unserer Kan\u00e4le, analysierst Daten und leitest Handlungsempfehlungen f\u00fcr die Optimierung ab.<\/li><li><strong>Innovative Ideen umsetzen:<\/strong> Bringe frischen Wind ein! Wir suchen jemanden, der mit neuen, innovativen Ideen unsere Social Media Pr\u00e4senz auf ein neues Level hebt.<\/li><li><strong>Zusammenarbeit mit unserem Marketing und Vertrieb:<\/strong> Als Teil unseres Teams arbeitest du eng mit unseren Marketing-Profis zusammen. Ihr tauscht Ideen aus, plant Kampagnen gemeinsam und st\u00e4rkt so die Gesamtwirkung unserer Unternehmenskommunikation. Du hast die M\u00f6glichkeit, von erfahrenen Kolleg:innen zu lernen und gleichzeitig deine eigenen Ideen einzubringen. Die Zusammenarbeit ist gepr\u00e4gt von Offenheit, Kreativit\u00e4t und gegenseitiger Unterst\u00fctzung.<\/li><\/ul><p><strong>What we expect from you:<\/strong><\/p><ul><li>Du brennst f\u00fcr Social Media und kennst dich bestens mit den verschiedenen Plattformen aus, vor allem TikTok, Instagram, Snapchat, LinkedIn und Facebook.<\/li><li>Kreativit\u00e4t ist f\u00fcr dich keine Option, sondern eine Lebenseinstellung. Du wei\u00dft, wie man mit visuellen und textlichen Inhalten die Aufmerksamkeit der Zielgruppe gewinnt.<\/li><li>Du studierst in einem relevanten Bereich (Kommunikation, Marketing, Medienwissenschaften o.\u00e4.) oder hast bereits erste Erfahrungen im Social Media Management gesammelt.<\/li><li>Teamgeist und Eigeninitiative sind f\u00fcr dich keine Fremdw\u00f6rter.<\/li><\/ul><p><strong>Was du von uns erwarten kannst:<\/strong><\/p><ul><li>Ein inspirierendes Arbeitsumfeld mit Raum f\u00fcr pers\u00f6nliche und berufliche Weiterentwicklung.<\/li><li>Die M\u00f6glichkeit, kreativ t\u00e4tig zu werden und eigene Ideen einzubringen.<\/li><li>Ein motiviertes Team, das sich auf deine Unterst\u00fctzung freut.<\/li><li>Flexibilit\u00e4t und die Chance, verschiedene Facetten des Social Media Managements kennenzulernen.<\/li><\/ul><p>Bist du bereit, die Welt der Social Media Kan\u00e4le mit uns zu erobern? Dann bewirb dich jetzt und werde Teil unseres Teams! Schick deine Bewerbung an <a href=\"mailto:karriere@innovation.at\">karriere@innovation.at<\/a>.<\/p><p><strong>Wir freuen uns darauf, Dich kennenzulernen.<\/strong><\/p><p>PS: Dein Abenteuer bei uns dauert mindestens 4 Monate \u2013 also ein komplettes Semester lang. F\u00fcr deine Kreativit\u00e4t bekommst du nicht nur Erfahrungspunkte, sondern auch eine Entlohnung von \u20ac 930,00 pro Monat \u2013 denn gute Arbeit verdient Anerkennung.<\/p><\/div>\n\t\t\t\t<\/div>\n\t\t\t\t\t\t\t<div class=\"elementor-accordion-item\">\n\t\t\t\t\t<div id=\"elementor-tab-title-3012\" class=\"elementor-tab-title\" data-tab=\"2\" role=\"button\" aria-controls=\"elementor-tab-content-3012\" aria-expanded=\"false\">\n\t\t\t\t\t\t\t\t\t\t\t\t\t<span class=\"elementor-accordion-icon elementor-accordion-icon-left\" aria-hidden=\"true\">\n\t\t\t\t\t\t\t\t\t\t\t\t\t\t\t<span class=\"elementor-accordion-icon-closed\"><svg class=\"e-font-icon-svg e-fas-plus\" viewbox=\"0 0 448 512\" xmlns=\"http:\/\/www.w3.org\/2000\/svg\"><path d=\"M416 208H272V64c0-17.67-14.33-32-32-32h-32c-17.67 0-32 14.33-32 32v144H32c-17.67 0-32 14.33-32 32v32c0 17.67 14.33 32 32 32h144v144c0 17.67 14.33 32 32 32h32c17.67 0 32-14.33 32-32V304h144c17.67 0 32-14.33 32-32v-32c0-17.67-14.33-32-32-32z\"><\/path><\/svg><\/span>\n\t\t\t\t\t\t\t\t<span class=\"elementor-accordion-icon-opened\"><svg class=\"e-font-icon-svg e-fas-minus\" viewbox=\"0 0 448 512\" xmlns=\"http:\/\/www.w3.org\/2000\/svg\"><path d=\"M416 208H32c-17.67 0-32 14.33-32 32v32c0 17.67 14.33 32 32 32h384c17.67 0 32-14.33 32-32v-32c0-17.67-14.33-32-32-32z\"><\/path><\/svg><\/span>\n\t\t\t\t\t\t\t\t\t\t\t\t\t\t<\/span>\n\t\t\t\t\t\t\t\t\t\t\t\t<a class=\"elementor-accordion-title\" tabindex=\"0\">Initiativbewerbung<\/a>\n\t\t\t\t\t<\/div>\n\t\t\t\t\t<div id=\"elementor-tab-content-3012\" class=\"elementor-tab-content elementor-clearfix\" data-tab=\"2\" role=\"region\" aria-labelledby=\"elementor-tab-title-3012\"><p>Liebe Innovator:innen wir sind immer auf der Suche nach kreativen K\u00f6pfen, die gemeinsam mit uns die Zukunft gestalten wollen. Wenn du eine Leidenschaft f\u00fcr bahnbrechende Ideen, neueste Technologien und den Wunsch hast, in einem inspirierenden Umfeld zu arbeiten, dann bewirb dich initiativ bei uns.<\/p><\/div>\n\t\t\t\t<\/div>\n\t\t\t\t\t\t\t\t\t\t<script type=\"application\/ld+json\">{\"@context\":\"https:\\\/\\\/schema.org\",\"@type\":\"FAQPage\",\"mainEntity\":[{\"@type\":\"Question\",\"name\":\"Social Media Praktikant:in\",\"acceptedAnswer\":{\"@type\":\"Answer\",\"text\":\"<p><strong>Hey Social Media Enthusiast:in,<\\\/strong><\\\/p><p>Du brennst f\\u00fcr die neuesten Trends auf TikTok, teilst inspirierende Stories auf Instagram und wei\\u00dft, wie man Business-Netzwerke auf LinkedIn st\\u00e4rkt und suchst nach einem Praktikum? Dann bist Du bei uns genau richtig! Wir suchen eine:n engagierte:n Praktikant:in, der:die unsere Social-Media-Pr\\u00e4senz auf ein neues Level hebt und unsere bestehende Community optimal betreut.<\\\/p><p><strong>Deine Aufgaben:<\\\/strong><\\\/p><ul><li><strong>Kreative Inhalte entwickeln:<\\\/strong> Du bist erstellst und planst Content auf verschiedenen Social Media Plattformen, einschlie\\u00dflich TikTok, Instagram, Snapchat, LinkedIn und Facebook um unsere Markenintensit\\u00e4t zu st\\u00e4rken und die Aufmerksamkeit unserer Zielgruppe zu gewinnen. Zeig uns, wie kreativ du sein kannst!<\\\/li><li><strong>Community Management:<\\\/strong> Du pflegst den direkten Austausch mit unserer Community, beantwortest Kommentare, sorgst f\\u00fcr Interaktion und tr\\u00e4gst zur positiven Online-Pr\\u00e4senz bei.<\\\/li><li><strong>Monitoring und Analyse:<\\\/strong> Du beh\\u00e4ltst den \\u00dcberblick \\u00fcber die Performance unserer Kan\\u00e4le, analysierst Daten und leitest Handlungsempfehlungen f\\u00fcr die Optimierung ab.<\\\/li><li><strong>Innovative Ideen umsetzen:<\\\/strong> Bringe frischen Wind ein! Wir suchen jemanden, der mit neuen, innovativen Ideen unsere Social Media Pr\\u00e4senz auf ein neues Level hebt.<\\\/li><li><strong>Zusammenarbeit mit unserem Marketing und Vertrieb:<\\\/strong> Als Teil unseres Teams arbeitest du eng mit unseren Marketing-Profis zusammen. Ihr tauscht Ideen aus, plant Kampagnen gemeinsam und st\\u00e4rkt so die Gesamtwirkung unserer Unternehmenskommunikation. Du hast die M\\u00f6glichkeit, von erfahrenen Kolleg:innen zu lernen und gleichzeitig deine eigenen Ideen einzubringen. Die Zusammenarbeit ist gepr\\u00e4gt von Offenheit, Kreativit\\u00e4t und gegenseitiger Unterst\\u00fctzung.<\\\/li><\\\/ul><p><strong>Was wir von Dir erwarten:<\\\/strong><\\\/p><ul><li>Du brennst f\\u00fcr Social Media und kennst dich bestens mit den verschiedenen Plattformen aus, vor allem TikTok, Instagram, Snapchat, LinkedIn und Facebook.<\\\/li><li>Kreativit\\u00e4t ist f\\u00fcr dich keine Option, sondern eine Lebenseinstellung. Du wei\\u00dft, wie man mit visuellen und textlichen Inhalten die Aufmerksamkeit der Zielgruppe gewinnt.<\\\/li><li>Du studierst in einem relevanten Bereich (Kommunikation, Marketing, Medienwissenschaften o.\\u00e4.) oder hast bereits erste Erfahrungen im Social Media Management gesammelt.<\\\/li><li>Teamgeist und Eigeninitiative sind f\\u00fcr dich keine Fremdw\\u00f6rter.<\\\/li><\\\/ul><p><strong>Was du von uns erwarten kannst:<\\\/strong><\\\/p><ul><li>Ein inspirierendes Arbeitsumfeld mit Raum f\\u00fcr pers\\u00f6nliche und berufliche Weiterentwicklung.<\\\/li><li>Die M\\u00f6glichkeit, kreativ t\\u00e4tig zu werden und eigene Ideen einzubringen.<\\\/li><li>Ein motiviertes Team, das sich auf deine Unterst\\u00fctzung freut.<\\\/li><li>Flexibilit\\u00e4t und die Chance, verschiedene Facetten des Social Media Managements kennenzulernen.<\\\/li><\\\/ul><p>Bist du bereit, die Welt der Social Media Kan\\u00e4le mit uns zu erobern? Dann bewirb dich jetzt und werde Teil unseres Teams! Schick deine Bewerbung an <a href=\\\"mailto:karriere@innovation.at\\\">karriere@innovation.at<\\\/a>.<\\\/p><p><strong>Wir freuen uns darauf, Dich kennenzulernen.<\\\/strong><\\\/p><p>PS: Dein Abenteuer bei uns dauert mindestens 4 Monate \\u2013 also ein komplettes Semester lang. F\\u00fcr deine Kreativit\\u00e4t bekommst du nicht nur Erfahrungspunkte, sondern auch eine Entlohnung von \\u20ac 930,00 pro Monat \\u2013 denn gute Arbeit verdient Anerkennung.<\\\/p>\"}},{\"@type\":\"Question\",\"name\":\"Initiativbewerbung\",\"acceptedAnswer\":{\"@type\":\"Answer\",\"text\":\"<p>Liebe Innovator:innen wir sind immer auf der Suche nach kreativen K\\u00f6pfen, die gemeinsam mit uns die Zukunft gestalten wollen. Wenn du eine Leidenschaft f\\u00fcr bahnbrechende Ideen, neueste Technologien und den Wunsch hast, in einem inspirierenden Umfeld zu arbeiten, dann bewirb dich initiativ bei uns.<\\\/p>\"}}]}<\/script>\n\t\t\t\t\t<\/div>\n\t\t\t\t\t\t<\/div>\n\t\t\t\t<\/div>\n\t\t\t\t\t<\/div>\n\t\t<\/div>\n\t\t\t\t\t<\/div>\n\t\t<\/section>\n\t\t\t\t<\/div>","protected":false},"excerpt":{"rendered":"<p>Wir suchen Verst\u00e4rkung f\u00fcr unser Team Social Media Praktikant:in Hey Social Media Enthusiast:in, Du brennst f\u00fcr die neuesten Trends auf TikTok, teilst inspirierende Stories auf Instagram und wei\u00dft, wie man Business-Netzwerke auf LinkedIn st\u00e4rkt und suchst nach einem Praktikum? Dann bist Du bei uns genau richtig! Wir suchen eine:n engagierte:n Praktikant:in, der:die unsere Social-Media-Pr\u00e4senz auf [&hellip;]<\/p>","protected":false},"author":3,"featured_media":0,"parent":0,"menu_order":0,"comment_status":"closed","ping_status":"closed","template":"","meta":{"_acf_changed":false,"_mo_disable_npp":"","inline_featured_image":false,"footnotes":""},"class_list":["post-78","page","type-page","status-publish","hentry"],"acf":[],"yoast_head":"<!-- This site is optimized with the Yoast SEO plugin v27.3 - https:\/\/yoast.com\/product\/yoast-seo-wordpress\/ -->\n<title>Karriere - innovation service network<\/title>\n<meta name=\"robots\" content=\"index, follow, max-snippet:-1, max-image-preview:large, max-video-preview:-1\" \/>\n<link rel=\"canonical\" href=\"https:\/\/innovation.at\/en\/karriere\/\" \/>\n<meta property=\"og:locale\" content=\"en_US\" \/>\n<meta property=\"og:type\" content=\"article\" \/>\n<meta property=\"og:title\" content=\"Karriere - innovation service network\" \/>\n<meta property=\"og:description\" content=\"Wir suchen Verst\u00e4rkung f\u00fcr unser Team Social Media Praktikant:in Hey Social Media Enthusiast:in, Du brennst f\u00fcr die neuesten Trends auf TikTok, teilst inspirierende Stories auf Instagram und wei\u00dft, wie man Business-Netzwerke auf LinkedIn st\u00e4rkt und suchst nach einem Praktikum? Dann bist Du bei uns genau richtig! Wir suchen eine:n engagierte:n Praktikant:in, der:die unsere Social-Media-Pr\u00e4senz auf [&hellip;]\" \/>\n<meta property=\"og:url\" content=\"https:\/\/innovation.at\/en\/karriere\/\" \/>\n<meta property=\"og:site_name\" content=\"innovation service network\" \/>\n<meta property=\"article:modified_time\" content=\"2025-03-11T12:32:10+00:00\" \/>\n<meta name=\"twitter:card\" content=\"summary_large_image\" \/>\n<meta name=\"twitter:label1\" content=\"Est. reading time\" \/>\n\t<meta name=\"twitter:data1\" content=\"3 minutes\" \/>\n<script type=\"application\/ld+json\" class=\"yoast-schema-graph\">{\"@context\":\"https:\\\/\\\/schema.org\",\"@graph\":[{\"@type\":\"WebPage\",\"@id\":\"https:\\\/\\\/innovation.at\\\/karriere\\\/\",\"url\":\"https:\\\/\\\/innovation.at\\\/karriere\\\/\",\"name\":\"Karriere - innovation service network\",\"isPartOf\":{\"@id\":\"https:\\\/\\\/innovation.at\\\/#website\"},\"datePublished\":\"2021-09-28T13:49:36+00:00\",\"dateModified\":\"2025-03-11T12:32:10+00:00\",\"breadcrumb\":{\"@id\":\"https:\\\/\\\/innovation.at\\\/karriere\\\/#breadcrumb\"},\"inLanguage\":\"en-US\",\"potentialAction\":[{\"@type\":\"ReadAction\",\"target\":[\"https:\\\/\\\/innovation.at\\\/karriere\\\/\"]}]},{\"@type\":\"BreadcrumbList\",\"@id\":\"https:\\\/\\\/innovation.at\\\/karriere\\\/#breadcrumb\",\"itemListElement\":[{\"@type\":\"ListItem\",\"position\":1,\"name\":\"Startseite\",\"item\":\"https:\\\/\\\/innovation.at\\\/\"},{\"@type\":\"ListItem\",\"position\":2,\"name\":\"Karriere\"}]},{\"@type\":\"WebSite\",\"@id\":\"https:\\\/\\\/innovation.at\\\/#website\",\"url\":\"https:\\\/\\\/innovation.at\\\/\",\"name\":\"innovation service network\",\"description\":\"Be brave to think different\",\"publisher\":{\"@id\":\"https:\\\/\\\/innovation.at\\\/#organization\"},\"potentialAction\":[{\"@type\":\"SearchAction\",\"target\":{\"@type\":\"EntryPoint\",\"urlTemplate\":\"https:\\\/\\\/innovation.at\\\/?s={search_term_string}\"},\"query-input\":{\"@type\":\"PropertyValueSpecification\",\"valueRequired\":true,\"valueName\":\"search_term_string\"}}],\"inLanguage\":\"en-US\"},{\"@type\":\"Organization\",\"@id\":\"https:\\\/\\\/innovation.at\\\/#organization\",\"name\":\"innovation service network\",\"url\":\"https:\\\/\\\/innovation.at\\\/\",\"logo\":{\"@type\":\"ImageObject\",\"inLanguage\":\"en-US\",\"@id\":\"https:\\\/\\\/innovation.at\\\/#\\\/schema\\\/logo\\\/image\\\/\",\"url\":\"https:\\\/\\\/innovation.at\\\/wp-content\\\/uploads\\\/isn_logo_small-1.png\",\"contentUrl\":\"https:\\\/\\\/innovation.at\\\/wp-content\\\/uploads\\\/isn_logo_small-1.png\",\"width\":115,\"height\":60,\"caption\":\"innovation service network\"},\"image\":{\"@id\":\"https:\\\/\\\/innovation.at\\\/#\\\/schema\\\/logo\\\/image\\\/\"}}]}<\/script>\n<!-- \/ Yoast SEO plugin. -->","yoast_head_json":{"title":"Karriere - innovation service network","robots":{"index":"index","follow":"follow","max-snippet":"max-snippet:-1","max-image-preview":"max-image-preview:large","max-video-preview":"max-video-preview:-1"},"canonical":"https:\/\/innovation.at\/en\/karriere\/","og_locale":"en_US","og_type":"article","og_title":"Karriere - innovation service network","og_description":"Wir suchen Verst\u00e4rkung f\u00fcr unser Team Social Media Praktikant:in Hey Social Media Enthusiast:in, Du brennst f\u00fcr die neuesten Trends auf TikTok, teilst inspirierende Stories auf Instagram und wei\u00dft, wie man Business-Netzwerke auf LinkedIn st\u00e4rkt und suchst nach einem Praktikum? Dann bist Du bei uns genau richtig! Wir suchen eine:n engagierte:n Praktikant:in, der:die unsere Social-Media-Pr\u00e4senz auf [&hellip;]","og_url":"https:\/\/innovation.at\/en\/karriere\/","og_site_name":"innovation service network","article_modified_time":"2025-03-11T12:32:10+00:00","twitter_card":"summary_large_image","twitter_misc":{"Est. reading time":"3 minutes"},"schema":{"@context":"https:\/\/schema.org","@graph":[{"@type":"WebPage","@id":"https:\/\/innovation.at\/karriere\/","url":"https:\/\/innovation.at\/karriere\/","name":"Karriere - innovation service network","isPartOf":{"@id":"https:\/\/innovation.at\/#website"},"datePublished":"2021-09-28T13:49:36+00:00","dateModified":"2025-03-11T12:32:10+00:00","breadcrumb":{"@id":"https:\/\/innovation.at\/karriere\/#breadcrumb"},"inLanguage":"en-US","potentialAction":[{"@type":"ReadAction","target":["https:\/\/innovation.at\/karriere\/"]}]},{"@type":"BreadcrumbList","@id":"https:\/\/innovation.at\/karriere\/#breadcrumb","itemListElement":[{"@type":"ListItem","position":1,"name":"Startseite","item":"https:\/\/innovation.at\/"},{"@type":"ListItem","position":2,"name":"Karriere"}]},{"@type":"WebSite","@id":"https:\/\/innovation.at\/#website","url":"https:\/\/innovation.at\/","name":"innovation service network","description":"Be brave to think different","publisher":{"@id":"https:\/\/innovation.at\/#organization"},"potentialAction":[{"@type":"SearchAction","target":{"@type":"EntryPoint","urlTemplate":"https:\/\/innovation.at\/?s={search_term_string}"},"query-input":{"@type":"PropertyValueSpecification","valueRequired":true,"valueName":"search_term_string"}}],"inLanguage":"en-US"},{"@type":"Organization","@id":"https:\/\/innovation.at\/#organization","name":"innovation service network","url":"https:\/\/innovation.at\/","logo":{"@type":"ImageObject","inLanguage":"en-US","@id":"https:\/\/innovation.at\/#\/schema\/logo\/image\/","url":"https:\/\/innovation.at\/wp-content\/uploads\/isn_logo_small-1.png","contentUrl":"https:\/\/innovation.at\/wp-content\/uploads\/isn_logo_small-1.png","width":115,"height":60,"caption":"innovation service network"},"image":{"@id":"https:\/\/innovation.at\/#\/schema\/logo\/image\/"}}]}},"_links":{"self":[{"href":"https:\/\/innovation.at\/en\/wp-json\/wp\/v2\/pages\/78","targetHints":{"allow":["GET"]}}],"collection":[{"href":"https:\/\/innovation.at\/en\/wp-json\/wp\/v2\/pages"}],"about":[{"href":"https:\/\/innovation.at\/en\/wp-json\/wp\/v2\/types\/page"}],"author":[{"embeddable":true,"href":"https:\/\/innovation.at\/en\/wp-json\/wp\/v2\/users\/3"}],"replies":[{"embeddable":true,"href":"https:\/\/innovation.at\/en\/wp-json\/wp\/v2\/comments?post=78"}],"version-history":[{"count":49,"href":"https:\/\/innovation.at\/en\/wp-json\/wp\/v2\/pages\/78\/revisions"}],"predecessor-version":[{"id":22533,"href":"https:\/\/innovation.at\/en\/wp-json\/wp\/v2\/pages\/78\/revisions\/22533"}],"wp:attachment":[{"href":"https:\/\/innovation.at\/en\/wp-json\/wp\/v2\/media?parent=78"}],"curies":[{"name":"wp","href":"https:\/\/api.w.org\/{rel}","templated":true}]}}