{"id":14128,"date":"2023-05-26T06:02:30","date_gmt":"2023-05-26T06:02:30","guid":{"rendered":"https:\/\/innovation.at\/?page_id=14128"},"modified":"2023-07-11T09:56:38","modified_gmt":"2023-07-11T09:56:38","slug":"frag-den-ceo","status":"publish","type":"page","link":"https:\/\/innovation.at\/en\/frag-den-ceo\/","title":{"rendered":"Frag den CEO"},"content":{"rendered":"<div data-elementor-type=\"wp-page\" data-elementor-id=\"14128\" class=\"elementor elementor-14128\" data-elementor-post-type=\"page\">\n\t\t\t\t\t\t<section class=\"elementor-section elementor-top-section elementor-element elementor-element-e05d7da elementor-section-boxed elementor-section-height-default elementor-section-height-default\" data-id=\"e05d7da\" data-element_type=\"section\" data-e-type=\"section\">\n\t\t\t\t\t\t<div class=\"elementor-container elementor-column-gap-default\">\n\t\t\t\t\t<div class=\"elementor-column elementor-col-50 elementor-top-column elementor-element elementor-element-591e6f2\" data-id=\"591e6f2\" data-element_type=\"column\" data-e-type=\"column\">\n\t\t\t<div class=\"elementor-widget-wrap elementor-element-populated\">\n\t\t\t\t\t\t<div class=\"elementor-element elementor-element-9ed48e6 elementor-widget elementor-widget-heading\" data-id=\"9ed48e6\" data-element_type=\"widget\" data-e-type=\"widget\" data-widget_type=\"heading.default\">\n\t\t\t\t<div class=\"elementor-widget-container\">\n\t\t\t\t\t<h1 class=\"elementor-heading-title elementor-size-default\">Ask the <span style=\"color:#E6293F\">CEO<\/span><\/h1>\t\t\t\t<\/div>\n\t\t\t\t<\/div>\n\t\t\t\t<div class=\"elementor-element elementor-element-cc9f4c4 elementor-widget elementor-widget-text-editor\" data-id=\"cc9f4c4\" data-element_type=\"widget\" data-e-type=\"widget\" data-widget_type=\"text-editor.default\">\n\t\t\t\t<div class=\"elementor-widget-container\">\n\t\t\t\t\t\t\t\t\t<p>Do you have a question about innovation or innovation management? <br \/>Then ask the isn Founder &amp; Managing Director directly!<br \/>Reinhard Willfort provides quick feedback on your innovation question.<\/p>\t\t\t\t\t\t\t\t<\/div>\n\t\t\t\t<\/div>\n\t\t\t\t\t<\/div>\n\t\t<\/div>\n\t\t\t\t<div class=\"elementor-column elementor-col-50 elementor-top-column elementor-element elementor-element-85e6ae7\" data-id=\"85e6ae7\" data-element_type=\"column\" data-e-type=\"column\">\n\t\t\t<div class=\"elementor-widget-wrap\">\n\t\t\t\t\t\t\t<\/div>\n\t\t<\/div>\n\t\t\t\t\t<\/div>\n\t\t<\/section>\n\t\t\t\t<section class=\"elementor-section elementor-top-section elementor-element elementor-element-16a7074 elementor-section-boxed elementor-section-height-default elementor-section-height-default\" data-id=\"16a7074\" data-element_type=\"section\" data-e-type=\"section\" data-settings=\"{&quot;background_background&quot;:&quot;classic&quot;}\">\n\t\t\t\t\t\t<div class=\"elementor-container elementor-column-gap-default\">\n\t\t\t\t\t<div class=\"elementor-column elementor-col-50 elementor-top-column elementor-element elementor-element-fc5510c\" data-id=\"fc5510c\" data-element_type=\"column\" data-e-type=\"column\">\n\t\t\t<div class=\"elementor-widget-wrap elementor-element-populated\">\n\t\t\t\t\t\t<div class=\"elementor-element elementor-element-2452250 elementor-view-default elementor-widget elementor-widget-icon\" data-id=\"2452250\" data-element_type=\"widget\" data-e-type=\"widget\" data-settings=\"{&quot;motion_fx_motion_fx_scrolling&quot;:&quot;yes&quot;,&quot;motion_fx_translateY_effect&quot;:&quot;yes&quot;,&quot;motion_fx_translateY_speed&quot;:{&quot;unit&quot;:&quot;px&quot;,&quot;size&quot;:0.8,&quot;sizes&quot;:[]},&quot;motion_fx_translateY_affectedRange&quot;:{&quot;unit&quot;:&quot;%&quot;,&quot;size&quot;:&quot;&quot;,&quot;sizes&quot;:{&quot;start&quot;:0,&quot;end&quot;:100}},&quot;motion_fx_devices&quot;:[&quot;desktop&quot;,&quot;tablet&quot;,&quot;mobile&quot;]}\" data-widget_type=\"icon.default\">\n\t\t\t\t<div class=\"elementor-widget-container\">\n\t\t\t\t\t\t\t<div class=\"elementor-icon-wrapper\">\n\t\t\t<div class=\"elementor-icon\">\n\t\t\t<svg aria-hidden=\"true\" class=\"e-font-icon-svg e-fas-circle\" viewbox=\"0 0 512 512\" xmlns=\"http:\/\/www.w3.org\/2000\/svg\"><path d=\"M256 8C119 8 8 119 8 256s111 248 248 248 248-111 248-248S393 8 256 8z\"><\/path><\/svg>\t\t\t<\/div>\n\t\t<\/div>\n\t\t\t\t\t\t<\/div>\n\t\t\t\t<\/div>\n\t\t\t\t<div class=\"elementor-element elementor-element-fce0025 elementor-widget elementor-widget-image\" data-id=\"fce0025\" data-element_type=\"widget\" data-e-type=\"widget\" data-settings=\"{&quot;motion_fx_motion_fx_scrolling&quot;:&quot;yes&quot;,&quot;motion_fx_devices&quot;:[&quot;desktop&quot;,&quot;tablet&quot;,&quot;mobile&quot;]}\" data-widget_type=\"image.default\">\n\t\t\t\t<div class=\"elementor-widget-container\">\n\t\t\t\t\t\t\t\t\t\t\t\t\t\t\t<img fetchpriority=\"high\" decoding=\"async\" width=\"709\" height=\"709\" src=\"https:\/\/innovation.at\/wp-content\/uploads\/reinhard_willfort.webp\" class=\"attachment-large size-large wp-image-14145\" alt=\"\" srcset=\"https:\/\/innovation.at\/wp-content\/uploads\/reinhard_willfort.webp 709w, https:\/\/innovation.at\/wp-content\/uploads\/reinhard_willfort-300x300.webp 300w, https:\/\/innovation.at\/wp-content\/uploads\/reinhard_willfort-150x150.webp 150w, https:\/\/innovation.at\/wp-content\/uploads\/reinhard_willfort-12x12.webp 12w\" sizes=\"(max-width: 709px) 100vw, 709px\" \/>\t\t\t\t\t\t\t\t\t\t\t\t\t\t\t<\/div>\n\t\t\t\t<\/div>\n\t\t\t\t<div class=\"elementor-element elementor-element-1b334cb elementor-view-default elementor-widget elementor-widget-icon\" data-id=\"1b334cb\" data-element_type=\"widget\" data-e-type=\"widget\" data-settings=\"{&quot;motion_fx_motion_fx_scrolling&quot;:&quot;yes&quot;,&quot;motion_fx_translateY_effect&quot;:&quot;yes&quot;,&quot;motion_fx_translateY_speed&quot;:{&quot;unit&quot;:&quot;px&quot;,&quot;size&quot;:0.6,&quot;sizes&quot;:[]},&quot;motion_fx_translateY_affectedRange&quot;:{&quot;unit&quot;:&quot;%&quot;,&quot;size&quot;:&quot;&quot;,&quot;sizes&quot;:{&quot;start&quot;:0,&quot;end&quot;:100}},&quot;motion_fx_devices&quot;:[&quot;desktop&quot;,&quot;tablet&quot;,&quot;mobile&quot;]}\" data-widget_type=\"icon.default\">\n\t\t\t\t<div class=\"elementor-widget-container\">\n\t\t\t\t\t\t\t<div class=\"elementor-icon-wrapper\">\n\t\t\t<div class=\"elementor-icon\">\n\t\t\t<svg aria-hidden=\"true\" class=\"e-font-icon-svg e-fas-circle\" viewbox=\"0 0 512 512\" xmlns=\"http:\/\/www.w3.org\/2000\/svg\"><path d=\"M256 8C119 8 8 119 8 256s111 248 248 248 248-111 248-248S393 8 256 8z\"><\/path><\/svg>\t\t\t<\/div>\n\t\t<\/div>\n\t\t\t\t\t\t<\/div>\n\t\t\t\t<\/div>\n\t\t\t\t<div class=\"elementor-element elementor-element-cabe89c elementor-view-default elementor-widget elementor-widget-icon\" data-id=\"cabe89c\" data-element_type=\"widget\" data-e-type=\"widget\" data-settings=\"{&quot;motion_fx_motion_fx_scrolling&quot;:&quot;yes&quot;,&quot;motion_fx_devices&quot;:[&quot;desktop&quot;,&quot;tablet&quot;,&quot;mobile&quot;]}\" data-widget_type=\"icon.default\">\n\t\t\t\t<div class=\"elementor-widget-container\">\n\t\t\t\t\t\t\t<div class=\"elementor-icon-wrapper\">\n\t\t\t<div class=\"elementor-icon\">\n\t\t\t<svg aria-hidden=\"true\" class=\"e-font-icon-svg e-fas-circle\" viewbox=\"0 0 512 512\" xmlns=\"http:\/\/www.w3.org\/2000\/svg\"><path d=\"M256 8C119 8 8 119 8 256s111 248 248 248 248-111 248-248S393 8 256 8z\"><\/path><\/svg>\t\t\t<\/div>\n\t\t<\/div>\n\t\t\t\t\t\t<\/div>\n\t\t\t\t<\/div>\n\t\t\t\t\t<\/div>\n\t\t<\/div>\n\t\t\t\t<div class=\"elementor-column elementor-col-50 elementor-top-column elementor-element elementor-element-9f41dae\" data-id=\"9f41dae\" data-element_type=\"column\" data-e-type=\"column\">\n\t\t\t<div class=\"elementor-widget-wrap elementor-element-populated\">\n\t\t\t\t\t\t<div class=\"elementor-element elementor-element-bc91962 elementor-widget elementor-widget-html\" data-id=\"bc91962\" data-element_type=\"widget\" data-e-type=\"widget\" data-widget_type=\"html.default\">\n\t\t\t\t<div class=\"elementor-widget-container\">\n\t\t\t\t\t<iframe width=\"452px\" height=\"730px\" style=\"border: none\" src=\"https:\/\/telbee.io\/channel\/tlteovhm7ib23nmmoohq3w\/?isFrame=true\" id=\"telbee-main\" allow=\"microphone\" class=\"active\"> <\/iframe>\t\t\t\t<\/div>\n\t\t\t\t<\/div>\n\t\t\t\t\t<\/div>\n\t\t<\/div>\n\t\t\t\t\t<\/div>\n\t\t<\/section>\n\t\t\t\t<\/div>","protected":false},"excerpt":{"rendered":"<p>Frag den CEO Hast du eine brennende Frage zum Thema Innovation oder Innovationsmanagement? Dann frag doch direkt den isn-Gr\u00fcnder &amp; Gesch\u00e4ftsf\u00fchrer!Reinhard Willfort liefert rasches Feedback zu deiner Innovationsfrage.<\/p>","protected":false},"author":3,"featured_media":0,"parent":0,"menu_order":0,"comment_status":"closed","ping_status":"closed","template":"","meta":{"_acf_changed":false,"_mo_disable_npp":"","inline_featured_image":false,"footnotes":""},"class_list":["post-14128","page","type-page","status-publish","hentry"],"acf":[],"yoast_head":"<!-- This site is optimized with the Yoast SEO plugin v27.3 - https:\/\/yoast.com\/product\/yoast-seo-wordpress\/ -->\n<title>Frag den CEO - innovation service network<\/title>\n<meta name=\"robots\" content=\"index, follow, max-snippet:-1, max-image-preview:large, max-video-preview:-1\" \/>\n<link rel=\"canonical\" href=\"https:\/\/innovation.at\/en\/frag-den-ceo\/\" \/>\n<meta property=\"og:locale\" content=\"en_US\" \/>\n<meta property=\"og:type\" content=\"article\" \/>\n<meta property=\"og:title\" content=\"Frag den CEO - innovation service network\" \/>\n<meta property=\"og:description\" content=\"Frag den CEO Hast du eine brennende Frage zum Thema Innovation oder Innovationsmanagement? Dann frag doch direkt den isn-Gr\u00fcnder &amp; Gesch\u00e4ftsf\u00fchrer!Reinhard Willfort liefert rasches Feedback zu deiner Innovationsfrage.\" \/>\n<meta property=\"og:url\" content=\"https:\/\/innovation.at\/en\/frag-den-ceo\/\" \/>\n<meta property=\"og:site_name\" content=\"innovation service network\" \/>\n<meta property=\"article:modified_time\" content=\"2023-07-11T09:56:38+00:00\" \/>\n<meta property=\"og:image\" content=\"https:\/\/innovation.at\/wp-content\/uploads\/reinhard_willfort.webp\" \/>\n<meta name=\"twitter:card\" content=\"summary_large_image\" \/>\n<meta name=\"twitter:label1\" content=\"Est. reading time\" \/>\n\t<meta name=\"twitter:data1\" content=\"1 minute\" \/>\n<script type=\"application\/ld+json\" class=\"yoast-schema-graph\">{\"@context\":\"https:\\\/\\\/schema.org\",\"@graph\":[{\"@type\":\"WebPage\",\"@id\":\"https:\\\/\\\/innovation.at\\\/frag-den-ceo\\\/\",\"url\":\"https:\\\/\\\/innovation.at\\\/frag-den-ceo\\\/\",\"name\":\"Frag den CEO - innovation service network\",\"isPartOf\":{\"@id\":\"https:\\\/\\\/innovation.at\\\/#website\"},\"primaryImageOfPage\":{\"@id\":\"https:\\\/\\\/innovation.at\\\/frag-den-ceo\\\/#primaryimage\"},\"image\":{\"@id\":\"https:\\\/\\\/innovation.at\\\/frag-den-ceo\\\/#primaryimage\"},\"thumbnailUrl\":\"https:\\\/\\\/innovation.at\\\/wp-content\\\/uploads\\\/reinhard_willfort.webp\",\"datePublished\":\"2023-05-26T06:02:30+00:00\",\"dateModified\":\"2023-07-11T09:56:38+00:00\",\"breadcrumb\":{\"@id\":\"https:\\\/\\\/innovation.at\\\/frag-den-ceo\\\/#breadcrumb\"},\"inLanguage\":\"en-US\",\"potentialAction\":[{\"@type\":\"ReadAction\",\"target\":[\"https:\\\/\\\/innovation.at\\\/frag-den-ceo\\\/\"]}]},{\"@type\":\"ImageObject\",\"inLanguage\":\"en-US\",\"@id\":\"https:\\\/\\\/innovation.at\\\/frag-den-ceo\\\/#primaryimage\",\"url\":\"https:\\\/\\\/innovation.at\\\/wp-content\\\/uploads\\\/reinhard_willfort.webp\",\"contentUrl\":\"https:\\\/\\\/innovation.at\\\/wp-content\\\/uploads\\\/reinhard_willfort.webp\"},{\"@type\":\"BreadcrumbList\",\"@id\":\"https:\\\/\\\/innovation.at\\\/frag-den-ceo\\\/#breadcrumb\",\"itemListElement\":[{\"@type\":\"ListItem\",\"position\":1,\"name\":\"Startseite\",\"item\":\"https:\\\/\\\/innovation.at\\\/\"},{\"@type\":\"ListItem\",\"position\":2,\"name\":\"Frag den CEO\"}]},{\"@type\":\"WebSite\",\"@id\":\"https:\\\/\\\/innovation.at\\\/#website\",\"url\":\"https:\\\/\\\/innovation.at\\\/\",\"name\":\"innovation service network\",\"description\":\"Be brave to think different\",\"publisher\":{\"@id\":\"https:\\\/\\\/innovation.at\\\/#organization\"},\"potentialAction\":[{\"@type\":\"SearchAction\",\"target\":{\"@type\":\"EntryPoint\",\"urlTemplate\":\"https:\\\/\\\/innovation.at\\\/?s={search_term_string}\"},\"query-input\":{\"@type\":\"PropertyValueSpecification\",\"valueRequired\":true,\"valueName\":\"search_term_string\"}}],\"inLanguage\":\"en-US\"},{\"@type\":\"Organization\",\"@id\":\"https:\\\/\\\/innovation.at\\\/#organization\",\"name\":\"innovation service network\",\"url\":\"https:\\\/\\\/innovation.at\\\/\",\"logo\":{\"@type\":\"ImageObject\",\"inLanguage\":\"en-US\",\"@id\":\"https:\\\/\\\/innovation.at\\\/#\\\/schema\\\/logo\\\/image\\\/\",\"url\":\"https:\\\/\\\/innovation.at\\\/wp-content\\\/uploads\\\/isn_logo_small-1.png\",\"contentUrl\":\"https:\\\/\\\/innovation.at\\\/wp-content\\\/uploads\\\/isn_logo_small-1.png\",\"width\":115,\"height\":60,\"caption\":\"innovation service network\"},\"image\":{\"@id\":\"https:\\\/\\\/innovation.at\\\/#\\\/schema\\\/logo\\\/image\\\/\"}}]}<\/script>\n<!-- \/ Yoast SEO plugin. -->","yoast_head_json":{"title":"Frag den CEO - innovation service network","robots":{"index":"index","follow":"follow","max-snippet":"max-snippet:-1","max-image-preview":"max-image-preview:large","max-video-preview":"max-video-preview:-1"},"canonical":"https:\/\/innovation.at\/en\/frag-den-ceo\/","og_locale":"en_US","og_type":"article","og_title":"Frag den CEO - innovation service network","og_description":"Frag den CEO Hast du eine brennende Frage zum Thema Innovation oder Innovationsmanagement? Dann frag doch direkt den isn-Gr\u00fcnder &amp; Gesch\u00e4ftsf\u00fchrer!Reinhard Willfort liefert rasches Feedback zu deiner Innovationsfrage.","og_url":"https:\/\/innovation.at\/en\/frag-den-ceo\/","og_site_name":"innovation service network","article_modified_time":"2023-07-11T09:56:38+00:00","og_image":[{"url":"https:\/\/innovation.at\/wp-content\/uploads\/reinhard_willfort.webp","type":"","width":"","height":""}],"twitter_card":"summary_large_image","twitter_misc":{"Est. reading time":"1 minute"},"schema":{"@context":"https:\/\/schema.org","@graph":[{"@type":"WebPage","@id":"https:\/\/innovation.at\/frag-den-ceo\/","url":"https:\/\/innovation.at\/frag-den-ceo\/","name":"Frag den CEO - innovation service network","isPartOf":{"@id":"https:\/\/innovation.at\/#website"},"primaryImageOfPage":{"@id":"https:\/\/innovation.at\/frag-den-ceo\/#primaryimage"},"image":{"@id":"https:\/\/innovation.at\/frag-den-ceo\/#primaryimage"},"thumbnailUrl":"https:\/\/innovation.at\/wp-content\/uploads\/reinhard_willfort.webp","datePublished":"2023-05-26T06:02:30+00:00","dateModified":"2023-07-11T09:56:38+00:00","breadcrumb":{"@id":"https:\/\/innovation.at\/frag-den-ceo\/#breadcrumb"},"inLanguage":"en-US","potentialAction":[{"@type":"ReadAction","target":["https:\/\/innovation.at\/frag-den-ceo\/"]}]},{"@type":"ImageObject","inLanguage":"en-US","@id":"https:\/\/innovation.at\/frag-den-ceo\/#primaryimage","url":"https:\/\/innovation.at\/wp-content\/uploads\/reinhard_willfort.webp","contentUrl":"https:\/\/innovation.at\/wp-content\/uploads\/reinhard_willfort.webp"},{"@type":"BreadcrumbList","@id":"https:\/\/innovation.at\/frag-den-ceo\/#breadcrumb","itemListElement":[{"@type":"ListItem","position":1,"name":"Startseite","item":"https:\/\/innovation.at\/"},{"@type":"ListItem","position":2,"name":"Frag den CEO"}]},{"@type":"WebSite","@id":"https:\/\/innovation.at\/#website","url":"https:\/\/innovation.at\/","name":"innovation service network","description":"Be brave to think different","publisher":{"@id":"https:\/\/innovation.at\/#organization"},"potentialAction":[{"@type":"SearchAction","target":{"@type":"EntryPoint","urlTemplate":"https:\/\/innovation.at\/?s={search_term_string}"},"query-input":{"@type":"PropertyValueSpecification","valueRequired":true,"valueName":"search_term_string"}}],"inLanguage":"en-US"},{"@type":"Organization","@id":"https:\/\/innovation.at\/#organization","name":"innovation service network","url":"https:\/\/innovation.at\/","logo":{"@type":"ImageObject","inLanguage":"en-US","@id":"https:\/\/innovation.at\/#\/schema\/logo\/image\/","url":"https:\/\/innovation.at\/wp-content\/uploads\/isn_logo_small-1.png","contentUrl":"https:\/\/innovation.at\/wp-content\/uploads\/isn_logo_small-1.png","width":115,"height":60,"caption":"innovation service network"},"image":{"@id":"https:\/\/innovation.at\/#\/schema\/logo\/image\/"}}]}},"_links":{"self":[{"href":"https:\/\/innovation.at\/en\/wp-json\/wp\/v2\/pages\/14128","targetHints":{"allow":["GET"]}}],"collection":[{"href":"https:\/\/innovation.at\/en\/wp-json\/wp\/v2\/pages"}],"about":[{"href":"https:\/\/innovation.at\/en\/wp-json\/wp\/v2\/types\/page"}],"author":[{"embeddable":true,"href":"https:\/\/innovation.at\/en\/wp-json\/wp\/v2\/users\/3"}],"replies":[{"embeddable":true,"href":"https:\/\/innovation.at\/en\/wp-json\/wp\/v2\/comments?post=14128"}],"version-history":[{"count":130,"href":"https:\/\/innovation.at\/en\/wp-json\/wp\/v2\/pages\/14128\/revisions"}],"predecessor-version":[{"id":15371,"href":"https:\/\/innovation.at\/en\/wp-json\/wp\/v2\/pages\/14128\/revisions\/15371"}],"wp:attachment":[{"href":"https:\/\/innovation.at\/en\/wp-json\/wp\/v2\/media?parent=14128"}],"curies":[{"name":"wp","href":"https:\/\/api.w.org\/{rel}","templated":true}]}}